{"id":19,"date":"2014-05-14T12:57:26","date_gmt":"2014-05-14T12:57:26","guid":{"rendered":"http:\/\/irishpub.jsswebdev.com\/wiesbaden\/?page_id=19"},"modified":"2014-08-05T20:38:53","modified_gmt":"2014-08-05T20:38:53","slug":"the-pub","status":"publish","type":"page","link":"https:\/\/theirish.pub\/wiesbaden\/the-pub\/","title":{"rendered":"The Pub"},"content":{"rendered":"<ul class=\"ssb_list_wrapper\"><li class=\"fb2\" style=\"width:135px\"><iframe src=\"\/\/www.facebook.com\/plugins\/like.php?href=https%3A%2F%2Ftheirish.pub%2Fwiesbaden%2Fthe-pub%2F&amp;layout=button_count&amp;action=like&amp;show_faces=false&amp;share=true&amp;width=135&amp;height=21&amp;appId=307091639398582\" scrolling=\"no\" frameborder=\"0\" style=\"border:none; overflow:hidden;  width:150px; height:21px;\" allowTransparency=\"true\"><\/iframe><\/li><li class=\"twtr\" style=\"width:90px\"><a href=\"https:\/\/twitter.com\/share\" class=\"twitter-share-button\" data-url=\"https:\/\/theirish.pub\/wiesbaden\/the-pub\/\">&nbsp;<\/a><script>!function(d,s,id){var js,fjs=d.getElementsByTagName(s)[0],p=\/^http:\/.test(d.location)?'http':'https';if(!d.getElementById(id)){js=d.createElement(s);js.id=id;js.src=p+':\/\/platform.twitter.com\/widgets.js';fjs.parentNode.insertBefore(js,fjs);}}(document, 'script', 'twitter-wjs');<\/script><\/li><li class=\"gplus\" style=\"width:68px\"><div class=\"g-plusone\" data-size=\"medium\" data-href=\"https:\/\/theirish.pub\/wiesbaden\/the-pub\/\"><\/div><\/li><\/ul><div class=\"col-md-6\">\n<h2>The Irish Pub Wiesbaden in the centre of Wiesbaden City!<\/h2>\n<p>For over 20 years the Irish Pub Wiesbaden has been bringing a little piece of Ireland to Wiesbaden. The pub, with it&#8217;s cosy decor, quality Irish and German beers and friendly, chatty staff has the traditional feel of the great old Dublin pub.<\/p>\n<p>The Irish Pub is well-known for nightly entertainment and live music and it&#8217;s vibrant and friendly atmosphere enjoyed by our international guests and German regulars alike. It&#8217;s a pub, with great-tasting Guinness and Kilkenny beer, where you immediately feel at home.<\/p>\n<p>If it&#8217;s sports you&#8217;re interested in, then you&#8217;ve picked the right spot. We show all major sporting events (premiership football, Bundesliga, rugby etc.) on our plasma screen tv and on 2 big screens. So if you&#8217;re in Wiesbaden drop by to the Irish Pub for a pint!<\/p>\n<p>The Irish Pub Wiesbaden has no strangers, just friends who have never met!<\/p><\/div>\n<div class=\"col-md-6\">\n<h2>Mitten im Herzen der Innenstadt befindet sich der Irish Pub Wiesbaden<\/h2>\n<p>Mit seinen behaglichen R\u00e4umlichkeiten ist ein kleines St\u00fcck der heilen Welt von Irland nach Deutschland gebracht worden. Die besondere Atmosph\u00e4re des Lokals wird nicht nur durch die &#8220;urige&#8221; Einrichtung erzeugt, sondern haupts\u00e4chlich durch Live Musik und die netten Leute hinter der Theke, die zum gr\u00f6\u00dften Teil aus Irland kommen und immer etwas Zeit f\u00fcr einen &#8220;Smalltalk&#8221; haben; Spa\u00df soll es bringen, f\u00fcr die Musiker und die G\u00e4ste. Im Irish Pub Wiesbaden wird noch echte traditionelle Folklore vermittelt, wie sie eben nur Iren machen k\u00f6nnen<\/p>\n<p>Mit Banjo, Bodhran und Fiddle wird es schwer sein, ruhig auf seinem Sitz zu bleiben. Das original Guinness-Bier, auch unter dem Namen &#8220;Stout&#8221; bekannt, erfreut sich in Deutschland einer immer gr\u00f6\u00dferen Anh\u00e4ngerzahl. Es wird heute noch wie vor 225 Jahren gebraut und ist einzigartig durch seine sahnige Schaumkrone und die tiefe Schw\u00e4rze: ein oberg\u00e4riges Bier, w\u00fcrzig aromatisch im Geschmack mit einem Alkoholgehalt von 4, 8 %<\/p><\/div>\n","protected":false},"excerpt":{"rendered":"<p>&nbsp; The Irish Pub Wiesbaden in the centre of Wiesbaden City! For over 20 years the Irish Pub Wiesbaden has been bringing a little piece of Ireland to Wiesbaden. The pub, with it&#8217;s cosy decor, quality Irish and German beers and friendly, chatty staff has the traditional feel of the great old Dublin pub. The&#8230;<br \/><a href=\"https:\/\/theirish.pub\/wiesbaden\/the-pub\/\" class=\"read-more\">&raquo; Continue Reading<\/a><\/p>\n","protected":false},"author":1,"featured_media":0,"parent":0,"menu_order":0,"comment_status":"open","ping_status":"open","template":"page-sidebar.php","meta":{"footnotes":""},"class_list":["post-19","page","type-page","status-publish","hentry"],"_links":{"self":[{"href":"https:\/\/theirish.pub\/wiesbaden\/wp-json\/wp\/v2\/pages\/19","targetHints":{"allow":["GET"]}}],"collection":[{"href":"https:\/\/theirish.pub\/wiesbaden\/wp-json\/wp\/v2\/pages"}],"about":[{"href":"https:\/\/theirish.pub\/wiesbaden\/wp-json\/wp\/v2\/types\/page"}],"author":[{"embeddable":true,"href":"https:\/\/theirish.pub\/wiesbaden\/wp-json\/wp\/v2\/users\/1"}],"replies":[{"embeddable":true,"href":"https:\/\/theirish.pub\/wiesbaden\/wp-json\/wp\/v2\/comments?post=19"}],"version-history":[{"count":3,"href":"https:\/\/theirish.pub\/wiesbaden\/wp-json\/wp\/v2\/pages\/19\/revisions"}],"predecessor-version":[{"id":149,"href":"https:\/\/theirish.pub\/wiesbaden\/wp-json\/wp\/v2\/pages\/19\/revisions\/149"}],"wp:attachment":[{"href":"https:\/\/theirish.pub\/wiesbaden\/wp-json\/wp\/v2\/media?parent=19"}],"curies":[{"name":"wp","href":"https:\/\/api.w.org\/{rel}","templated":true}]}}